{"id":297,"date":"2017-01-11T16:37:06","date_gmt":"2017-01-11T15:37:06","guid":{"rendered":"https:\/\/mogasimagazin.com\/?page_id=297"},"modified":"2018-11-26T13:56:45","modified_gmt":"2018-11-26T12:56:45","slug":"impressum","status":"publish","type":"page","link":"https:\/\/mogasimagazin.com\/en\/impressum\/","title":{"rendered":"Imprint"},"content":{"rendered":"<p>Mogasi Magazin is to be found on\u00a0<a href=\"https:\/\/mogasimagazin.com\">mogasimagazin.com<\/a>. It is an online magazine about ski and snowboard technique, knowledge about ski resorts, interviews with various people in the mountains and humor. The online magazine is in german and english.<\/p>\n<p>Publisher of the Mogasi Magazin is the non-profit association Alpengaudi:<\/p>\n<p>Alpengaudi<br \/>\nMathoner Stra\u00dfe 11<br \/>\n6562 Mathon<br \/>\nfragen@mogasi.com<\/p>\n<h3>Non-profit association Alpengaudi<\/h3>\n<p>Wir betreiben das Mogasi Magazin als Verein Alpengaudi. Unsere Mission ist es, Menschen zum Bergsport zu animieren. Wir wollen die Menschen motivieren und interessieren, Spa\u00df in der Natur zu haben. Dies geschieht in Form von Artikeln zum Bergsport sowie an organisierten Skitagen f\u00fcr Menschen mit Behinderungen . Das wundersch\u00f6ne Gef\u00fchl, in der Natur Wintersport zu erleben, wollen wir erm\u00f6glichen..\u00a0Des Weiteren ist Alpengaudi Mitglied bei der\u00a0<a href=\"https:\/\/sportunion.tirol\/\" target=\"_blank\" rel=\"noopener\">Sportunion Tirol<\/a>.<\/p>\n<p>Alpengaudi ist nicht auf Gewinn gerichtet. Spenden, Mitgliedsbeitr\u00e4ge und Beitrittsgeb\u00fchren dienen der Finanzierung unserer oben beschriebenen T\u00e4tigkeiten.<\/p>\n<p>Unser Vereinskonto liegt bei der Volksbank Tirol.<br \/>\nIBAN: AT42 4239 0030 0002 0025<br \/>\nBIC: VBOEATWWINN<\/p>\n","protected":false},"excerpt":{"rendered":"<p>Mogasi Magazin is to be found on\u00a0mogasimagazin.com. It is an online magazine about ski and snowboard technique, knowledge about ski resorts, interviews with various people in the mountains and humor. The online magazine is in german and english. Publisher of the Mogasi Magazin is the non-profit association Alpengaudi: Alpengaudi Mathoner Stra\u00dfe 11 6562 Mathon fragen@mogasi.com [&hellip;]<\/p>\n","protected":false},"author":1,"featured_media":0,"parent":0,"menu_order":0,"comment_status":"closed","ping_status":"closed","template":"","meta":{"_exactmetrics_skip_tracking":false,"_exactmetrics_sitenote_active":false,"_exactmetrics_sitenote_note":"","_exactmetrics_sitenote_category":0,"jetpack_post_was_ever_published":false,"footnotes":""},"coauthors":[74],"class_list":["post-297","page","type-page","status-publish","hentry"],"yoast_head":"<!-- This site is optimized with the Yoast SEO plugin v27.3 - https:\/\/yoast.com\/product\/yoast-seo-wordpress\/ -->\n<title>Imprint - mogasimagazin.com en<\/title>\n<meta name=\"robots\" content=\"index, follow, max-snippet:-1, max-image-preview:large, max-video-preview:-1\" \/>\n<link rel=\"canonical\" href=\"https:\/\/mogasimagazin.com\/en\/impressum\/\" \/>\n<meta name=\"twitter:card\" content=\"summary_large_image\" \/>\n<meta name=\"twitter:title\" content=\"Imprint - mogasimagazin.com en\" \/>\n<meta name=\"twitter:description\" content=\"Mogasi Magazin is to be found on\u00a0mogasimagazin.com. It is an online magazine about ski and snowboard technique, knowledge about ski resorts, interviews with various people in the mountains and humor. The online magazine is in german and english. Publisher of the Mogasi Magazin is the non-profit association Alpengaudi: Alpengaudi Mathoner Stra\u00dfe 11 6562 Mathon fragen@mogasi.com [&hellip;]\" \/>\n<meta name=\"twitter:label1\" content=\"Est. reading time\" \/>\n\t<meta name=\"twitter:data1\" content=\"1 minute\" \/>\n\t<meta name=\"twitter:label2\" content=\"Written by\" \/>\n\t<meta name=\"twitter:data2\" content=\"Joe\" \/>\n<script type=\"application\/ld+json\" class=\"yoast-schema-graph\">{\"@context\":\"https:\\\/\\\/schema.org\",\"@graph\":[{\"@type\":\"WebPage\",\"@id\":\"https:\\\/\\\/mogasimagazin.com\\\/en\\\/impressum\\\/\",\"url\":\"https:\\\/\\\/mogasimagazin.com\\\/en\\\/impressum\\\/\",\"name\":\"Imprint - mogasimagazin.com en\",\"isPartOf\":{\"@id\":\"https:\\\/\\\/mogasimagazin.com\\\/en\\\/#website\"},\"datePublished\":\"2017-01-11T15:37:06+00:00\",\"dateModified\":\"2018-11-26T12:56:45+00:00\",\"breadcrumb\":{\"@id\":\"https:\\\/\\\/mogasimagazin.com\\\/en\\\/impressum\\\/#breadcrumb\"},\"inLanguage\":\"en-US\",\"potentialAction\":[{\"@type\":\"ReadAction\",\"target\":[\"https:\\\/\\\/mogasimagazin.com\\\/en\\\/impressum\\\/\"]}]},{\"@type\":\"BreadcrumbList\",\"@id\":\"https:\\\/\\\/mogasimagazin.com\\\/en\\\/impressum\\\/#breadcrumb\",\"itemListElement\":[{\"@type\":\"ListItem\",\"position\":1,\"name\":\"Startseite\",\"item\":\"https:\\\/\\\/mogasimagazin.com\\\/en\\\/\"},{\"@type\":\"ListItem\",\"position\":2,\"name\":\"Imprint\"}]},{\"@type\":\"WebSite\",\"@id\":\"https:\\\/\\\/mogasimagazin.com\\\/en\\\/#website\",\"url\":\"https:\\\/\\\/mogasimagazin.com\\\/en\\\/\",\"name\":\"mogasimagazin.com en\",\"description\":\"Mogasi Magazin English\",\"potentialAction\":[{\"@type\":\"SearchAction\",\"target\":{\"@type\":\"EntryPoint\",\"urlTemplate\":\"https:\\\/\\\/mogasimagazin.com\\\/en\\\/?s={search_term_string}\"},\"query-input\":{\"@type\":\"PropertyValueSpecification\",\"valueRequired\":true,\"valueName\":\"search_term_string\"}}],\"inLanguage\":\"en-US\"}]}<\/script>\n<!-- \/ Yoast SEO plugin. -->","yoast_head_json":{"title":"Imprint - mogasimagazin.com en","robots":{"index":"index","follow":"follow","max-snippet":"max-snippet:-1","max-image-preview":"max-image-preview:large","max-video-preview":"max-video-preview:-1"},"canonical":"https:\/\/mogasimagazin.com\/en\/impressum\/","twitter_card":"summary_large_image","twitter_title":"Imprint - mogasimagazin.com en","twitter_description":"Mogasi Magazin is to be found on\u00a0mogasimagazin.com. It is an online magazine about ski and snowboard technique, knowledge about ski resorts, interviews with various people in the mountains and humor. The online magazine is in german and english. Publisher of the Mogasi Magazin is the non-profit association Alpengaudi: Alpengaudi Mathoner Stra\u00dfe 11 6562 Mathon fragen@mogasi.com [&hellip;]","twitter_misc":{"Est. reading time":"1 minute","Written by":"Joe"},"schema":{"@context":"https:\/\/schema.org","@graph":[{"@type":"WebPage","@id":"https:\/\/mogasimagazin.com\/en\/impressum\/","url":"https:\/\/mogasimagazin.com\/en\/impressum\/","name":"Imprint - mogasimagazin.com en","isPartOf":{"@id":"https:\/\/mogasimagazin.com\/en\/#website"},"datePublished":"2017-01-11T15:37:06+00:00","dateModified":"2018-11-26T12:56:45+00:00","breadcrumb":{"@id":"https:\/\/mogasimagazin.com\/en\/impressum\/#breadcrumb"},"inLanguage":"en-US","potentialAction":[{"@type":"ReadAction","target":["https:\/\/mogasimagazin.com\/en\/impressum\/"]}]},{"@type":"BreadcrumbList","@id":"https:\/\/mogasimagazin.com\/en\/impressum\/#breadcrumb","itemListElement":[{"@type":"ListItem","position":1,"name":"Startseite","item":"https:\/\/mogasimagazin.com\/en\/"},{"@type":"ListItem","position":2,"name":"Imprint"}]},{"@type":"WebSite","@id":"https:\/\/mogasimagazin.com\/en\/#website","url":"https:\/\/mogasimagazin.com\/en\/","name":"mogasimagazin.com en","description":"Mogasi Magazin English","potentialAction":[{"@type":"SearchAction","target":{"@type":"EntryPoint","urlTemplate":"https:\/\/mogasimagazin.com\/en\/?s={search_term_string}"},"query-input":{"@type":"PropertyValueSpecification","valueRequired":true,"valueName":"search_term_string"}}],"inLanguage":"en-US"}]}},"jetpack_sharing_enabled":true,"jetpack_shortlink":"https:\/\/wp.me\/P8kuWm-4N","jetpack_likes_enabled":true,"_links":{"self":[{"href":"https:\/\/mogasimagazin.com\/en\/wp-json\/wp\/v2\/pages\/297","targetHints":{"allow":["GET"]}}],"collection":[{"href":"https:\/\/mogasimagazin.com\/en\/wp-json\/wp\/v2\/pages"}],"about":[{"href":"https:\/\/mogasimagazin.com\/en\/wp-json\/wp\/v2\/types\/page"}],"author":[{"embeddable":true,"href":"https:\/\/mogasimagazin.com\/en\/wp-json\/wp\/v2\/users\/1"}],"replies":[{"embeddable":true,"href":"https:\/\/mogasimagazin.com\/en\/wp-json\/wp\/v2\/comments?post=297"}],"version-history":[{"count":5,"href":"https:\/\/mogasimagazin.com\/en\/wp-json\/wp\/v2\/pages\/297\/revisions"}],"predecessor-version":[{"id":1260,"href":"https:\/\/mogasimagazin.com\/en\/wp-json\/wp\/v2\/pages\/297\/revisions\/1260"}],"wp:attachment":[{"href":"https:\/\/mogasimagazin.com\/en\/wp-json\/wp\/v2\/media?parent=297"}],"wp:term":[{"taxonomy":"author","embeddable":true,"href":"https:\/\/mogasimagazin.com\/en\/wp-json\/wp\/v2\/coauthors?post=297"}],"curies":[{"name":"wp","href":"https:\/\/api.w.org\/{rel}","templated":true}]}}